{"id":1486,"date":"2021-06-11T16:21:36","date_gmt":"2021-06-11T15:21:36","guid":{"rendered":"https:\/\/www.fratellitorneo.it\/?page_id=1486"},"modified":"2021-06-11T16:30:00","modified_gmt":"2021-06-11T15:30:00","slug":"ueber-uns","status":"publish","type":"page","link":"https:\/\/www.fratellitorneo.it\/de\/ueber-uns\/","title":{"rendered":"\u00dcber Uns"},"content":{"rendered":"<p><section data-kc-fullwidth=\"row\" class=\"kc-elm kc-css-677919 kc_row fakeheader\"><div class=\"kc-row-container  kc-container\"><div class=\"kc-wrap-columns\"><div class=\"kc-elm kc-css-984658 kc_col-sm-12 kc_column kc_col-sm-12\"><div class=\"kc-col-container\"><div class=\"kc-elm kc-css-50494 kc_text_block\"><\/p>\n<h1>Unsere Geschichte<\/h1>\n<p>Seit 1961 bauen wir die Femminello Siracusaano mit Liebe an.<\/p>\n<p>\n<\/div><\/div><\/div><\/div><\/div><\/section><section class=\"kc-elm kc-css-81772 kc_row intropage\"><div class=\"kc-row-container  kc-container\"><div class=\"kc-wrap-columns\"><div class=\"kc-elm kc-css-993882 kc_col-sm-9 kc_column kc_col-sm-9\"><div class=\"kc-col-container\"><div class=\"kc-elm kc-css-99527 kc_text_block\"><\/p>\n<p><strong>Syrakus, 1961. Natale Torneo gr\u00fcndet seinen Landwirtschaftsbetrieb: mehr 50 Hektar nur f\u00fcr die Zitronensorte Femminello, die auf dem offenem Feld ohne D\u00fcngemittel oder chemische Zus\u00e4tze angebaut wird.<br \/>\n<\/strong><\/p>\n<p>Im Laufe der Zeit hat sich die Familie Torneo dazu entschieden, innovative Techniken anzuwenden, um den Einsatz der Ressourcen zu optimieren und gleichzeitig die hohe Qualit\u00e4t des Produkts beizubehalten.<\/p>\n<p>Der Betrieb wird heute von den Enkeln <strong>Giulia<\/strong> und <strong>Natale<\/strong> geleitet, besitzt mitlerweile eine <strong>Zertifizierung f\u00fcr biologische<\/strong> Erzeugnisse und hat sich der <strong>GLOBAL G.A.P<\/strong>. angeschlossen, die die Sicherheit und die R\u00fcckverfolgbarkeit landwirtschaftlicher Produkte garantiert.<\/p>\n<p>\n<\/div><\/div><\/div><div class=\"kc-elm kc-css-175255 kc_col-sm-3 kc_column kc_col-sm-3\"><div class=\"kc-col-container\"><div class=\"kc-elm kc-css-753643 kc_shortcode kc_single_image ggap\">\n\n        <img decoding=\"async\" src=\"https:\/\/www.fratellitorneo.it\/wp-content\/uploads\/2020\/02\/global-g-a-p-logo-7AE0F2947E-seeklogo.com_.png\" class=\"\" alt=\"Global GAP logo - Limoni Fratelli Torneo\" \/>    <\/div>\n<\/div><\/div><\/div><\/div><\/section><section data-kc-equalheight=\"true\" data-kc-equalheight-align=\"middle\" data-kc-fullwidth=\"content\" class=\"kc-elm kc-css-457481 kc_row darkscheme outimg\"><div class=\"kc-row-container\"><div class=\"kc-wrap-columns\"><div class=\"kc-elm kc-css-366557 kc_col-sm-6 kc_column kc_col-sm-6\"><div class=\"kc-col-container\"><div class=\"kc-elm kc-css-580325 kc-animated kc-animate-eff-slideInLeft kc_shortcode kc_single_image\">\n\n        <img decoding=\"async\" src=\"https:\/\/www.fratellitorneo.it\/wp-content\/uploads\/2020\/02\/bg-limoni-fratelli-torneo-storia.jpg\" class=\"\" alt=\"Femminello Siracusa Azienda Agricola Torneo\" \/>    <\/div>\n<\/div><\/div><div class=\"kc-elm kc-css-620054 kc_col-sm-6 kc-animated kc-animate-eff-fadeIn kc-animate-delay-300 kc_column kc_col-sm-6\"><div class=\"kc-col-container\"><div class=\"kc-elm kc-css-668414 kc-animated kc-animate-eff-fadeIn kc_text_block\"><\/p>\n<h2>Unsere Femminello Siracusano<\/h2>\n<p>Wir bauen unsere <strong>Femminello Bio-Zitronen<\/strong> in ihrem Ursprungsgebiet, s\u00fcdlich von <strong>Syrakus<\/strong> an, nur wenige Kilometer vom Meer entfernt, wo das milde und feuchte Klima, die salzige Luft und der kalkhaltige Boden die idealen Bedingungen f\u00fcr den Anbau garantieren.<\/p>\n<p>\n<\/div><\/div><\/div><\/div><\/div><\/section><section data-kc-equalheight=\"true\" data-kc-equalheight-align=\"middle\" data-kc-fullwidth=\"content\" class=\"kc-elm kc-css-445541 kc_row outimg row-reverse\"><div class=\"kc-row-container\"><div class=\"kc-wrap-columns\"><div class=\"kc-elm kc-css-404235 kc_col-sm-6 kc_column kc_col-sm-6\"><div class=\"kc-col-container\"><div class=\"kc-elm kc-css-404282 kc-animated kc-animate-eff-slideInRight kc_shortcode kc_single_image\">\n\n        <img decoding=\"async\" src=\"https:\/\/www.fratellitorneo.it\/wp-content\/uploads\/2020\/02\/shutterstock_373918807-scaled.jpg\" class=\"\" alt=\"Femminello Siracusa Azienda Agricola Torneo\" \/>    <\/div>\n<\/div><\/div><div class=\"kc-elm kc-css-740559 kc_col-sm-6 kc-animated kc-animate-eff-fadeIn kc-animate-delay-300 kc_column kc_col-sm-6\"><div class=\"kc-col-container\"><div class=\"kc-elm kc-css-276132 kc-animated kc-animate-eff-fadeIn kc_text_block\"><\/p>\n<h2>Wir respektieren die Natur und die Gesundheit<\/h2>\n<p>Wir respektieren unsere Femminello-Zitrone und bewahren ihre au\u00dfergew\u00f6hnliche Haltbarkeit: Der streng biologische Anbau garantiert eine gesunde Zitrone, die auch f\u00fcr den Verbraucher sicher ist. Die R\u00fcckverfolgbarkeit garantiert die Qualit\u00e4t und Sicherheit der Anbauverfahren in allen Phasen.<\/p>\n<p>\n<\/div><\/div><\/div><\/div><\/div><\/section><\/p>\n","protected":false},"excerpt":{"rendered":"","protected":false},"author":1,"featured_media":0,"parent":0,"menu_order":0,"comment_status":"closed","ping_status":"closed","template":"","meta":{"footnotes":""},"acf":[],"_links":{"self":[{"href":"https:\/\/www.fratellitorneo.it\/de\/wp-json\/wp\/v2\/pages\/1486"}],"collection":[{"href":"https:\/\/www.fratellitorneo.it\/de\/wp-json\/wp\/v2\/pages"}],"about":[{"href":"https:\/\/www.fratellitorneo.it\/de\/wp-json\/wp\/v2\/types\/page"}],"author":[{"embeddable":true,"href":"https:\/\/www.fratellitorneo.it\/de\/wp-json\/wp\/v2\/users\/1"}],"replies":[{"embeddable":true,"href":"https:\/\/www.fratellitorneo.it\/de\/wp-json\/wp\/v2\/comments?post=1486"}],"version-history":[{"count":3,"href":"https:\/\/www.fratellitorneo.it\/de\/wp-json\/wp\/v2\/pages\/1486\/revisions"}],"predecessor-version":[{"id":1496,"href":"https:\/\/www.fratellitorneo.it\/de\/wp-json\/wp\/v2\/pages\/1486\/revisions\/1496"}],"wp:attachment":[{"href":"https:\/\/www.fratellitorneo.it\/de\/wp-json\/wp\/v2\/media?parent=1486"}],"curies":[{"name":"wp","href":"https:\/\/api.w.org\/{rel}","templated":true}]}}