{"id":2348,"date":"2024-05-20T08:35:06","date_gmt":"2024-05-20T07:35:06","guid":{"rendered":"https:\/\/www.fratellitorneo.it\/prodotto\/schwarze-aubergine\/"},"modified":"2024-05-20T08:35:06","modified_gmt":"2024-05-20T07:35:06","slug":"schwarze-aubergine","status":"publish","type":"product","link":"https:\/\/www.fratellitorneo.it\/de\/shop-online\/gemuse\/schwarze-aubergine\/","title":{"rendered":"Schwarze Aubergine"},"content":{"rendered":"<p>Die schwarze Aubergine ist eine Auberginensorte, die sich durch eine schwarze oder dunkelviolette Schale und ein helleres Inneres, normalerweise wei\u00df oder gelblich, auszeichnet.<\/p>\n<p>Diese Auberginensorte wird wegen ihres charakteristischen Geschmacks und ihrer weichen Konsistenz sehr gesch\u00e4tzt. Sie hat einen s\u00fc\u00dfen und leicht rauchigen Geschmack, der sich gut f\u00fcr eine Vielzahl von Gerichten eignet. Schwarze Auberginen k\u00f6nnen in vielen Rezepten verwendet werden, darunter Suppen, Eint\u00f6pfe, So\u00dfen, Beilagen, Pastagerichte und vieles mehr.<\/p>\n","protected":false},"excerpt":{"rendered":"<p>Die schwarze Aubergine ist eine Auberginensorte, die sich durch eine schwarze oder dunkelviolette Schale und ein helleres Inneres, normalerweise wei\u00df oder gelblich, auszeichnet.<\/p>\n<p>Diese Auberginensorte wird wegen ihres charakteristischen Geschmacks und ihrer weichen Konsistenz sehr gesch\u00e4tzt. Sie hat einen s\u00fc\u00dfen und leicht rauchigen Geschmack, der sich gut f\u00fcr eine Vielzahl von Gerichten eignet. Schwarze Auberginen k\u00f6nnen in vielen Rezepten verwendet werden, darunter Suppen, Eint\u00f6pfe, So\u00dfen, Beilagen, Pastagerichte und vieles mehr.<\/p>\n","protected":false},"featured_media":2274,"comment_status":"open","ping_status":"closed","template":"","meta":[],"product_cat":[131],"product_tag":[],"acf":[],"_links":{"self":[{"href":"https:\/\/www.fratellitorneo.it\/de\/wp-json\/wp\/v2\/product\/2348"}],"collection":[{"href":"https:\/\/www.fratellitorneo.it\/de\/wp-json\/wp\/v2\/product"}],"about":[{"href":"https:\/\/www.fratellitorneo.it\/de\/wp-json\/wp\/v2\/types\/product"}],"replies":[{"embeddable":true,"href":"https:\/\/www.fratellitorneo.it\/de\/wp-json\/wp\/v2\/comments?post=2348"}],"wp:featuredmedia":[{"embeddable":true,"href":"https:\/\/www.fratellitorneo.it\/de\/wp-json\/wp\/v2\/media\/2274"}],"wp:attachment":[{"href":"https:\/\/www.fratellitorneo.it\/de\/wp-json\/wp\/v2\/media?parent=2348"}],"wp:term":[{"taxonomy":"product_cat","embeddable":true,"href":"https:\/\/www.fratellitorneo.it\/de\/wp-json\/wp\/v2\/product_cat?post=2348"},{"taxonomy":"product_tag","embeddable":true,"href":"https:\/\/www.fratellitorneo.it\/de\/wp-json\/wp\/v2\/product_tag?post=2348"}],"curies":[{"name":"wp","href":"https:\/\/api.w.org\/{rel}","templated":true}]}}