{"id":2351,"date":"2024-04-22T11:45:15","date_gmt":"2024-04-22T10:45:15","guid":{"rendered":"https:\/\/www.fratellitorneo.it\/prodotto\/weisse-zwiebel\/"},"modified":"2024-10-10T09:26:54","modified_gmt":"2024-10-10T08:26:54","slug":"weisse-zwiebel","status":"publish","type":"product","link":"https:\/\/www.fratellitorneo.it\/de\/shop-online\/gemuse\/weisse-zwiebel\/","title":{"rendered":"Wei\u00dfe Zwiebel"},"content":{"rendered":"<p>Die wei\u00dfe Zwiebel ist eine Zwiebelsorte mit einer wei\u00dfen Schale und einem wei\u00dfen oder leicht durchscheinenden Inneren. Sie geh\u00f6rt zu den g\u00e4ngigsten Zwiebelsorten und wird weltweit in vielen K\u00fcchen wegen ihres milden und s\u00fc\u00dfen Geschmacks verwendet.<\/p>\n<p>Wei\u00dfe Zwiebeln sind in der K\u00fcche sehr vielseitig und k\u00f6nnen roh oder gekocht verzehrt werden. Sie k\u00f6nnen zu Salaten, So\u00dfen, Dressings, Suppen, Eint\u00f6pfen, Fleischgerichten und vielem mehr hinzugef\u00fcgt werden.<\/p>\n","protected":false},"excerpt":{"rendered":"<p>Die wei\u00dfe Zwiebel ist eine Zwiebelsorte mit einer wei\u00dfen Schale und einem wei\u00dfen oder leicht durchscheinenden Inneren. Sie geh\u00f6rt zu den g\u00e4ngigsten Zwiebelsorten und wird weltweit in vielen K\u00fcchen wegen ihres milden und s\u00fc\u00dfen Geschmacks verwendet.<\/p>\n<p>Wei\u00dfe Zwiebeln sind in der K\u00fcche sehr vielseitig und k\u00f6nnen roh oder gekocht verzehrt werden. Sie k\u00f6nnen zu Salaten, So\u00dfen, Dressings, Suppen, Eint\u00f6pfen, Fleischgerichten und vielem mehr hinzugef\u00fcgt werden.<\/p>\n","protected":false},"featured_media":2120,"comment_status":"open","ping_status":"closed","template":"","meta":[],"product_cat":[131],"product_tag":[],"acf":[],"_links":{"self":[{"href":"https:\/\/www.fratellitorneo.it\/de\/wp-json\/wp\/v2\/product\/2351"}],"collection":[{"href":"https:\/\/www.fratellitorneo.it\/de\/wp-json\/wp\/v2\/product"}],"about":[{"href":"https:\/\/www.fratellitorneo.it\/de\/wp-json\/wp\/v2\/types\/product"}],"replies":[{"embeddable":true,"href":"https:\/\/www.fratellitorneo.it\/de\/wp-json\/wp\/v2\/comments?post=2351"}],"wp:featuredmedia":[{"embeddable":true,"href":"https:\/\/www.fratellitorneo.it\/de\/wp-json\/wp\/v2\/media\/2120"}],"wp:attachment":[{"href":"https:\/\/www.fratellitorneo.it\/de\/wp-json\/wp\/v2\/media?parent=2351"}],"wp:term":[{"taxonomy":"product_cat","embeddable":true,"href":"https:\/\/www.fratellitorneo.it\/de\/wp-json\/wp\/v2\/product_cat?post=2351"},{"taxonomy":"product_tag","embeddable":true,"href":"https:\/\/www.fratellitorneo.it\/de\/wp-json\/wp\/v2\/product_tag?post=2351"}],"curies":[{"name":"wp","href":"https:\/\/api.w.org\/{rel}","templated":true}]}}