{"id":2374,"date":"2024-04-29T09:06:36","date_gmt":"2024-04-29T08:06:36","guid":{"rendered":"https:\/\/www.fratellitorneo.it\/prodotto\/gruene-zucchini\/"},"modified":"2025-09-15T17:03:02","modified_gmt":"2025-09-15T16:03:02","slug":"gruene-zucchini","status":"publish","type":"product","link":"https:\/\/www.fratellitorneo.it\/de\/shop-online\/gemuse\/gruene-zucchini\/","title":{"rendered":"Gr\u00fcne Zucchini"},"content":{"rendered":"<div class=\"flex-shrink-0 flex flex-col relative items-end\">\n<div>\n<div class=\"pt-0\">\n<div class=\"gizmo-bot-avatar flex h-8 w-8 items-center justify-center overflow-hidden rounded-full\">\n<div class=\"relative p-1 rounded-sm flex items-center justify-center bg-token-main-surface-primary text-token-text-primary h-8 w-8\"><\/div>\n<\/div>\n<\/div>\n<\/div>\n<\/div>\n<div class=\"group\/conversation-turn relative flex w-full min-w-0 flex-col agent-turn\">\n<div class=\"flex-col gap-1 md:gap-3\">\n<div class=\"flex max-w-full flex-col flex-grow\">\n<div class=\"min-h-8 text-message flex w-full flex-col items-end gap-2 whitespace-normal break-words [.text-message+&amp;]:mt-5\" dir=\"auto\" data-message-author-role=\"assistant\" data-message-id=\"0ebdb553-70ef-4d93-993c-0cbf7458d3f5\" data-message-model-slug=\"gpt-4o\">\n<div class=\"flex w-full flex-col gap-1 empty:hidden first:pt-[3px]\">\n<div class=\"markdown prose w-full break-words dark:prose-invert light\">\n<p>Gr\u00fcne Zucchini sind eine Zucchinisorte, die sich durch ihre leuchtend gr\u00fcne Farbe und ihre l\u00e4ngliche Form auszeichnet. Sie sind ein beliebtes Sommergem\u00fcse und werden wegen ihrer Vielseitigkeit und ihres milden Geschmacks in der K\u00fcche h\u00e4ufig verwendet.<\/p>\n<p>Zucchini k\u00f6nnen ged\u00e4mpft, gegrillt, in der Pfanne sautiert, frittiert, ger\u00f6stet oder auch roh verzehrt werden. Sie sind eine h\u00e4ufige Zutat in vielen Rezepten, darunter Pasta, Reisgerichte, Salate, Suppen, Mischgem\u00fcsegerichte und vieles mehr.<\/p>\n<\/div>\n<\/div>\n<\/div>\n<\/div>\n<\/div>\n<\/div>\n","protected":false},"excerpt":{"rendered":"<div class=\"flex-shrink-0 flex flex-col relative items-end\">\n<div>\n<div class=\"pt-0\">\n<div class=\"gizmo-bot-avatar flex h-8 w-8 items-center justify-center overflow-hidden rounded-full\">\n<div class=\"relative p-1 rounded-sm flex items-center justify-center bg-token-main-surface-primary text-token-text-primary h-8 w-8\"><\/div>\n<\/div>\n<\/div>\n<\/div>\n<\/div>\n<div class=\"group\/conversation-turn relative flex w-full min-w-0 flex-col agent-turn\">\n<div class=\"flex-col gap-1 md:gap-3\">\n<div class=\"flex max-w-full flex-col flex-grow\">\n<div class=\"min-h-8 text-message flex w-full flex-col items-end gap-2 whitespace-normal break-words [.text-message+&amp;]:mt-5\" dir=\"auto\" data-message-author-role=\"assistant\" data-message-id=\"0ebdb553-70ef-4d93-993c-0cbf7458d3f5\" data-message-model-slug=\"gpt-4o\">\n<div class=\"flex w-full flex-col gap-1 empty:hidden first:pt-[3px]\">\n<div class=\"markdown prose w-full break-words dark:prose-invert light\">\n<p>Gr\u00fcne Zucchini sind eine Zucchinisorte, die sich durch ihre leuchtend gr\u00fcne Farbe und ihre l\u00e4ngliche Form auszeichnet. Sie sind ein beliebtes Sommergem\u00fcse und werden wegen ihrer Vielseitigkeit und ihres milden Geschmacks in der K\u00fcche h\u00e4ufig verwendet.<\/p>\n<p>Zucchini k\u00f6nnen ged\u00e4mpft, gegrillt, in der Pfanne sautiert, frittiert, ger\u00f6stet oder auch roh verzehrt werden. Sie sind eine h\u00e4ufige Zutat in vielen Rezepten, darunter Pasta, Reisgerichte, Salate, Suppen, Mischgem\u00fcsegerichte und vieles mehr.<\/p>\n<\/div>\n<\/div>\n<\/div>\n<\/div>\n<\/div>\n<\/div>\n","protected":false},"featured_media":2145,"comment_status":"open","ping_status":"closed","template":"","meta":[],"product_cat":[131],"product_tag":[],"acf":[],"_links":{"self":[{"href":"https:\/\/www.fratellitorneo.it\/de\/wp-json\/wp\/v2\/product\/2374"}],"collection":[{"href":"https:\/\/www.fratellitorneo.it\/de\/wp-json\/wp\/v2\/product"}],"about":[{"href":"https:\/\/www.fratellitorneo.it\/de\/wp-json\/wp\/v2\/types\/product"}],"replies":[{"embeddable":true,"href":"https:\/\/www.fratellitorneo.it\/de\/wp-json\/wp\/v2\/comments?post=2374"}],"wp:featuredmedia":[{"embeddable":true,"href":"https:\/\/www.fratellitorneo.it\/de\/wp-json\/wp\/v2\/media\/2145"}],"wp:attachment":[{"href":"https:\/\/www.fratellitorneo.it\/de\/wp-json\/wp\/v2\/media?parent=2374"}],"wp:term":[{"taxonomy":"product_cat","embeddable":true,"href":"https:\/\/www.fratellitorneo.it\/de\/wp-json\/wp\/v2\/product_cat?post=2374"},{"taxonomy":"product_tag","embeddable":true,"href":"https:\/\/www.fratellitorneo.it\/de\/wp-json\/wp\/v2\/product_tag?post=2374"}],"curies":[{"name":"wp","href":"https:\/\/api.w.org\/{rel}","templated":true}]}}