{"id":2380,"date":"2024-04-22T08:53:15","date_gmt":"2024-04-22T07:53:15","guid":{"rendered":"https:\/\/www.fratellitorneo.it\/prodotto\/kirschtomatenkirschtomaten-neigen-dazu-suesser-und-aromatischer-zu-sein-als-groessere-tomatensorten-sie-haben-eine-zarte-konsistenz-und-ein-saftiges-fruchtfleisch-was-sie-ideal-fuer-den-rohen-verze\/"},"modified":"2024-04-22T08:53:15","modified_gmt":"2024-04-22T07:53:15","slug":"kirschtomatenkirschtomaten-neigen-dazu-suesser-und-aromatischer-zu-sein-als-groessere-tomatensorten-sie-haben-eine-zarte-konsistenz-und-ein-saftiges-fruchtfleisch-was-sie-ideal-fuer-den-rohen-verze","status":"publish","type":"product","link":"https:\/\/www.fratellitorneo.it\/de\/shop-online\/gemuse\/kirschtomatenkirschtomaten-neigen-dazu-suesser-und-aromatischer-zu-sein-als-groessere-tomatensorten-sie-haben-eine-zarte-konsistenz-und-ein-saftiges-fruchtfleisch-was-sie-ideal-fuer-den-rohen-verze\/","title":{"rendered":"Kirschtomaten"},"content":{"rendered":"<p>Kirschtomaten neigen dazu, s\u00fc\u00dfer und aromatischer zu sein als gr\u00f6\u00dfere Tomatensorten. Sie haben eine zarte Konsistenz und ein saftiges Fruchtfleisch, was sie ideal f\u00fcr den rohen Verzehr in Salaten oder als frischer Snack macht. Sie k\u00f6nnen auch in So\u00dfen, Dressings, Nudelgerichten und auf Pizzen verwendet werden, um diesen Gerichten eine angenehme S\u00fc\u00dfe und Frische zu verleihen.<\/p>\n","protected":false},"excerpt":{"rendered":"<p>Kirschtomaten neigen dazu, s\u00fc\u00dfer und aromatischer zu sein als gr\u00f6\u00dfere Tomatensorten. Sie haben eine zarte Konsistenz und ein saftiges Fruchtfleisch, was sie ideal f\u00fcr den rohen Verzehr in Salaten oder als frischer Snack macht. Sie k\u00f6nnen auch in So\u00dfen, Dressings, Nudelgerichten und auf Pizzen verwendet werden, um diesen Gerichten eine angenehme S\u00fc\u00dfe und Frische zu verleihen.<\/p>\n","protected":false},"featured_media":2072,"comment_status":"open","ping_status":"closed","template":"","meta":[],"product_cat":[131],"product_tag":[],"acf":[],"_links":{"self":[{"href":"https:\/\/www.fratellitorneo.it\/de\/wp-json\/wp\/v2\/product\/2380"}],"collection":[{"href":"https:\/\/www.fratellitorneo.it\/de\/wp-json\/wp\/v2\/product"}],"about":[{"href":"https:\/\/www.fratellitorneo.it\/de\/wp-json\/wp\/v2\/types\/product"}],"replies":[{"embeddable":true,"href":"https:\/\/www.fratellitorneo.it\/de\/wp-json\/wp\/v2\/comments?post=2380"}],"wp:featuredmedia":[{"embeddable":true,"href":"https:\/\/www.fratellitorneo.it\/de\/wp-json\/wp\/v2\/media\/2072"}],"wp:attachment":[{"href":"https:\/\/www.fratellitorneo.it\/de\/wp-json\/wp\/v2\/media?parent=2380"}],"wp:term":[{"taxonomy":"product_cat","embeddable":true,"href":"https:\/\/www.fratellitorneo.it\/de\/wp-json\/wp\/v2\/product_cat?post=2380"},{"taxonomy":"product_tag","embeddable":true,"href":"https:\/\/www.fratellitorneo.it\/de\/wp-json\/wp\/v2\/product_tag?post=2380"}],"curies":[{"name":"wp","href":"https:\/\/api.w.org\/{rel}","templated":true}]}}