{"id":2384,"date":"2024-04-29T11:54:44","date_gmt":"2024-04-29T10:54:44","guid":{"rendered":"https:\/\/www.fratellitorneo.it\/prodotto\/spitzpaprika\/"},"modified":"2024-04-29T11:54:44","modified_gmt":"2024-04-29T10:54:44","slug":"spitzpaprika","status":"publish","type":"product","link":"https:\/\/www.fratellitorneo.it\/de\/shop-online\/gemuse\/spitzpaprika\/","title":{"rendered":"Spitzpaprika"},"content":{"rendered":"<p>Der Spitzpaprika hat eine lange und schlanke Form, mit einer spitzen Spitze und einer breiteren Basis. Seine Haut ist glatt und gl\u00e4nzend. Wenn er reif ist, hat der Spitzpaprika einen s\u00fc\u00dfen und saftigen Geschmack sowie eine knackige und frische Konsistenz.<\/p>\n<p>Er kann in Scheiben geschnitten und roh in Salaten oder als Snack verzehrt werden, oder er kann gekocht oder gegrillt werden, um Geschmack und Farbe zu verschiedenen Gerichten wie So\u00dfen, Eint\u00f6pfen, gef\u00fcllten Speisen, Vorspeisen und Hauptgerichten hinzuzuf\u00fcgen.<\/p>\n","protected":false},"excerpt":{"rendered":"<p>Der Spitzpaprika hat eine lange und schlanke Form, mit einer spitzen Spitze und einer breiteren Basis. Seine Haut ist glatt und gl\u00e4nzend. Wenn er reif ist, hat der Spitzpaprika einen s\u00fc\u00dfen und saftigen Geschmack sowie eine knackige und frische Konsistenz.<\/p>\n<p>Er kann in Scheiben geschnitten und roh in Salaten oder als Snack verzehrt werden, oder er kann gekocht oder gegrillt werden, um Geschmack und Farbe zu verschiedenen Gerichten wie So\u00dfen, Eint\u00f6pfen, gef\u00fcllten Speisen, Vorspeisen und Hauptgerichten hinzuzuf\u00fcgen.<\/p>\n","protected":false},"featured_media":2169,"comment_status":"open","ping_status":"closed","template":"","meta":[],"product_cat":[131],"product_tag":[],"acf":[],"_links":{"self":[{"href":"https:\/\/www.fratellitorneo.it\/de\/wp-json\/wp\/v2\/product\/2384"}],"collection":[{"href":"https:\/\/www.fratellitorneo.it\/de\/wp-json\/wp\/v2\/product"}],"about":[{"href":"https:\/\/www.fratellitorneo.it\/de\/wp-json\/wp\/v2\/types\/product"}],"replies":[{"embeddable":true,"href":"https:\/\/www.fratellitorneo.it\/de\/wp-json\/wp\/v2\/comments?post=2384"}],"wp:featuredmedia":[{"embeddable":true,"href":"https:\/\/www.fratellitorneo.it\/de\/wp-json\/wp\/v2\/media\/2169"}],"wp:attachment":[{"href":"https:\/\/www.fratellitorneo.it\/de\/wp-json\/wp\/v2\/media?parent=2384"}],"wp:term":[{"taxonomy":"product_cat","embeddable":true,"href":"https:\/\/www.fratellitorneo.it\/de\/wp-json\/wp\/v2\/product_cat?post=2384"},{"taxonomy":"product_tag","embeddable":true,"href":"https:\/\/www.fratellitorneo.it\/de\/wp-json\/wp\/v2\/product_tag?post=2384"}],"curies":[{"name":"wp","href":"https:\/\/api.w.org\/{rel}","templated":true}]}}