{"id":2801,"date":"2024-11-19T15:27:24","date_gmt":"2024-11-19T14:27:24","guid":{"rendered":"https:\/\/www.fratellitorneo.it\/prodotto\/weise-feigen\/"},"modified":"2024-12-27T12:25:15","modified_gmt":"2024-12-27T11:25:15","slug":"weise-feigen","status":"publish","type":"product","link":"https:\/\/www.fratellitorneo.it\/de\/shop-online\/obst\/weise-feigen\/","title":{"rendered":"Wei\u00dfe Feigen"},"content":{"rendered":"<p>Diese Feigensorte wird vor allem im Sommer geerntet, und ihre S\u00fc\u00dfe macht sie perfekt f\u00fcr den Verzehr als frische Frucht, aber auch getrocknet oder in Konfit\u00fcren und Marmeladen verarbeitet. Neben ihrem zarten Geschmack sind wei\u00dfe Feigen reich an Ballaststoffen, Vitaminen (insbesondere Vitamin A und Vitamin C), nat\u00fcrlichen Zuckern sowie Mineralstoffen wie Kalzium und Eisen.<\/p>\n<p>In der K\u00fcche sind wei\u00dfe Feigen \u00e4u\u00dferst vielseitig: Sie k\u00f6nnen pur genossen, zu gereiftem K\u00e4se serviert, um den salzigen Geschmack auszugleichen, oder in s\u00fc\u00dfen Rezepten wie Kuchen, Torten und Obstdesserts verwendet werden. In mediterranen L\u00e4ndern werden sie h\u00e4ufig mit N\u00fcssen, Honig und anderen traditionellen Zutaten kombiniert.<\/p>\n","protected":false},"excerpt":{"rendered":"<p>Wei\u00dfe Feigen sind eine Feigensorte, die durch ihre helle Schale gekennzeichnet ist, die von hellgelb bis blassgr\u00fcn variieren kann. Diese Feigen sind bekannt f\u00fcr ihren besonders s\u00fc\u00dfen Geschmack und ihr weiches Fruchtfleisch, das bernsteinfarben oder rosa ist. Sie werden h\u00e4ufig sowohl frisch als auch getrocknet verwendet und sind f\u00fcr ihre Feinheit und Vielseitigkeit in der K\u00fcche gesch\u00e4tzt.<\/p>\n","protected":false},"featured_media":2474,"comment_status":"open","ping_status":"closed","template":"","meta":[],"product_cat":[133],"product_tag":[],"acf":[],"_links":{"self":[{"href":"https:\/\/www.fratellitorneo.it\/de\/wp-json\/wp\/v2\/product\/2801"}],"collection":[{"href":"https:\/\/www.fratellitorneo.it\/de\/wp-json\/wp\/v2\/product"}],"about":[{"href":"https:\/\/www.fratellitorneo.it\/de\/wp-json\/wp\/v2\/types\/product"}],"replies":[{"embeddable":true,"href":"https:\/\/www.fratellitorneo.it\/de\/wp-json\/wp\/v2\/comments?post=2801"}],"wp:featuredmedia":[{"embeddable":true,"href":"https:\/\/www.fratellitorneo.it\/de\/wp-json\/wp\/v2\/media\/2474"}],"wp:attachment":[{"href":"https:\/\/www.fratellitorneo.it\/de\/wp-json\/wp\/v2\/media?parent=2801"}],"wp:term":[{"taxonomy":"product_cat","embeddable":true,"href":"https:\/\/www.fratellitorneo.it\/de\/wp-json\/wp\/v2\/product_cat?post=2801"},{"taxonomy":"product_tag","embeddable":true,"href":"https:\/\/www.fratellitorneo.it\/de\/wp-json\/wp\/v2\/product_tag?post=2801"}],"curies":[{"name":"wp","href":"https:\/\/api.w.org\/{rel}","templated":true}]}}