{"id":2807,"date":"2024-11-19T15:27:26","date_gmt":"2024-11-19T14:27:26","guid":{"rendered":"https:\/\/www.fratellitorneo.it\/prodotto\/kastanien\/"},"modified":"2024-12-27T12:24:12","modified_gmt":"2024-12-27T11:24:12","slug":"kastanien","status":"publish","type":"product","link":"https:\/\/www.fratellitorneo.it\/de\/shop-online\/nusse\/kastanien\/","title":{"rendered":"Kastanien"},"content":{"rendered":"<p>Kastanien werden besonders f\u00fcr ihren s\u00fc\u00dfen Geschmack und ihre mehlige Textur gesch\u00e4tzt. Im Gegensatz zu anderen N\u00fcssen wie Waln\u00fcssen oder Haseln\u00fcssen enthalten Kastanien weniger Fett und mehr komplexe Kohlenhydrate, wodurch sie eine leicht verdauliche Energiequelle darstellen. Sie sind reich an Ballaststoffen, Vitaminen wie Vitamin C und einigen B-Vitaminen sowie Mineralstoffen wie Kalium und Magnesium. Ihr niedriger Fettanteil macht sie zu einer n\u00e4hrstoffreichen, aber leichteren Wahl im Vergleich zu anderen Arten von Trockenfr\u00fcchten.<\/p>\n<p>Kastanien k\u00f6nnen auf verschiedene Weise verzehrt werden. Eine der traditionellsten Methoden ist das R\u00f6sten \u00fcber dem Feuer, was zu den ber\u00fchmten \u201eCaldarroste\u201c f\u00fchrt, die besonders w\u00e4hrend der Herbst- und Winterfeiertage beliebt sind. Sie k\u00f6nnen auch gekocht, im Ofen ger\u00f6stet oder getrocknet werden. Getrocknete Kastanien werden gemahlen, um Kastanienmehl zu erhalten, das zur Zubereitung von typischen S\u00fc\u00dfspeisen wie Castagnaccio, Kuchen, Brot und Nudeln verwendet wird.<\/p>\n","protected":false},"excerpt":{"rendered":"<p>Kastanien sind die Fr\u00fcchte des Kastanienbaums, einer Pflanze, die in bergigen Regionen weit verbreitet ist. Sie sind von einer gl\u00e4nzend braunen Schale bedeckt und k\u00f6nnen nach dem Kochen gegessen werden. Kastanien werden f\u00fcr ihren s\u00fc\u00dfen und nahrhaften Geschmack gesch\u00e4tzt. Sie werden in vielen kulinarischen Zubereitungen verwendet, wie ger\u00f6steten Kastanien, Mehlen und typischen S\u00fc\u00dfspeisen, besonders w\u00e4hrend der Herbstsaison.<\/p>\n","protected":false},"featured_media":2635,"comment_status":"open","ping_status":"closed","template":"","meta":[],"product_cat":[135],"product_tag":[],"acf":[],"_links":{"self":[{"href":"https:\/\/www.fratellitorneo.it\/de\/wp-json\/wp\/v2\/product\/2807"}],"collection":[{"href":"https:\/\/www.fratellitorneo.it\/de\/wp-json\/wp\/v2\/product"}],"about":[{"href":"https:\/\/www.fratellitorneo.it\/de\/wp-json\/wp\/v2\/types\/product"}],"replies":[{"embeddable":true,"href":"https:\/\/www.fratellitorneo.it\/de\/wp-json\/wp\/v2\/comments?post=2807"}],"wp:featuredmedia":[{"embeddable":true,"href":"https:\/\/www.fratellitorneo.it\/de\/wp-json\/wp\/v2\/media\/2635"}],"wp:attachment":[{"href":"https:\/\/www.fratellitorneo.it\/de\/wp-json\/wp\/v2\/media?parent=2807"}],"wp:term":[{"taxonomy":"product_cat","embeddable":true,"href":"https:\/\/www.fratellitorneo.it\/de\/wp-json\/wp\/v2\/product_cat?post=2807"},{"taxonomy":"product_tag","embeddable":true,"href":"https:\/\/www.fratellitorneo.it\/de\/wp-json\/wp\/v2\/product_tag?post=2807"}],"curies":[{"name":"wp","href":"https:\/\/api.w.org\/{rel}","templated":true}]}}