{"id":2817,"date":"2024-11-19T15:27:25","date_gmt":"2024-11-19T14:27:25","guid":{"rendered":"https:\/\/www.fratellitorneo.it\/prodotto\/martorana-fruchte\/"},"modified":"2024-12-27T12:24:31","modified_gmt":"2024-12-27T11:24:31","slug":"martorana-fruchte","status":"publish","type":"product","link":"https:\/\/www.fratellitorneo.it\/de\/shop-online\/obst\/martorana-fruchte\/","title":{"rendered":"Martorana-Fr\u00fcchte"},"content":{"rendered":"<p>Die Martorana-Fr\u00fcchte sind eine typische S\u00fc\u00dfspeise der sizilianischen Konditorei, die aus der Stadt Palermo stammt. Es handelt sich um dekorative Fr\u00fcchte, die von Hand geformt und bemalt werden und aus Mandelpaste oder Marzipan bestehen. Diese S\u00fc\u00dfigkeit verdankt ihren Namen dem Kloster der Martorana, wo Benediktinernonnen im 12. Jahrhundert begannen, diese kleinen kulinarischen Kunstwerke herzustellen.<\/p>\n<p>Die Mandelpaste, die zur Herstellung der Martorana-Fr\u00fcchte verwendet wird, besteht aus fein gemahlenen Mandeln und Zucker, die zu einer glatten und formbaren Masse verarbeitet werden. Der Teig wird dann von Hand in Form von Fr\u00fcchten wie \u00c4pfeln, Birnen, Zitronen, Orangen, Feigen, Kastanien und sogar Gem\u00fcse modelliert. Jedes St\u00fcck wird anschlie\u00dfend mit Lebensmittelfarben bemalt, um ein erstaunlich realistisches Aussehen zu erzielen, oft mit detaillierten Verzierungen, die die nat\u00fcrlichen Merkmale echter Fr\u00fcchte nachahmen.<\/p>\n<p>Geschmacklich sind die Martorana-Fr\u00fcchte s\u00fc\u00df, mit dem zarten, charakteristischen Geschmack der Mandeln, der im Vordergrund steht. Trotz ihres t\u00e4uschend realistischen Aussehens ahmt der Geschmack nicht den der dargestellten Fr\u00fcchte nach, sondern bietet die reiche und umh\u00fcllende S\u00fc\u00dfe des Marzipans. Sie werden h\u00e4ufig als Dessert oder als S\u00fc\u00dfigkeit zu Kaffee oder lokalen Lik\u00f6ren serviert.<\/p>\n","protected":false},"excerpt":{"rendered":"<p>Die Martorana-Fr\u00fcchte sind eine traditionelle sizilianische S\u00fc\u00dfspeise, hergestellt aus Mandelpaste (Marzipan), die von Hand geformt und bemalt wird, um realistische Fr\u00fcchte nachzuahmen.<\/p>\n","protected":false},"featured_media":2660,"comment_status":"open","ping_status":"closed","template":"","meta":[],"product_cat":[133],"product_tag":[],"acf":[],"_links":{"self":[{"href":"https:\/\/www.fratellitorneo.it\/de\/wp-json\/wp\/v2\/product\/2817"}],"collection":[{"href":"https:\/\/www.fratellitorneo.it\/de\/wp-json\/wp\/v2\/product"}],"about":[{"href":"https:\/\/www.fratellitorneo.it\/de\/wp-json\/wp\/v2\/types\/product"}],"replies":[{"embeddable":true,"href":"https:\/\/www.fratellitorneo.it\/de\/wp-json\/wp\/v2\/comments?post=2817"}],"wp:featuredmedia":[{"embeddable":true,"href":"https:\/\/www.fratellitorneo.it\/de\/wp-json\/wp\/v2\/media\/2660"}],"wp:attachment":[{"href":"https:\/\/www.fratellitorneo.it\/de\/wp-json\/wp\/v2\/media?parent=2817"}],"wp:term":[{"taxonomy":"product_cat","embeddable":true,"href":"https:\/\/www.fratellitorneo.it\/de\/wp-json\/wp\/v2\/product_cat?post=2817"},{"taxonomy":"product_tag","embeddable":true,"href":"https:\/\/www.fratellitorneo.it\/de\/wp-json\/wp\/v2\/product_tag?post=2817"}],"curies":[{"name":"wp","href":"https:\/\/api.w.org\/{rel}","templated":true}]}}