{"id":3358,"date":"2025-03-07T15:17:00","date_gmt":"2025-03-10T08:42:42","guid":{"rendered":"https:\/\/www.fratellitorneo.it\/?post_type=product&#038;p=3358"},"modified":"2025-03-10T09:42:42","modified_gmt":"2025-03-10T08:42:42","slug":"mandeln-mit-schale","status":"publish","type":"product","link":"https:\/\/www.fratellitorneo.it\/de\/shop-online\/nusse\/mandeln-mit-schale\/","title":{"rendered":"Mandeln mit Schale"},"content":{"rendered":"<p>Mandeln mit Schale sind die Samen des Mandelbaums, eingeschlossen in ihrer charakteristischen harten, holzigen Schale, die sie sch\u00fctzt und ihre Frische bewahrt. Die Schale ist hellbraun und fest, muss aufgebrochen werden, um an den s\u00fc\u00dfen und leicht \u00f6ligen Kern zu gelangen.<\/p>\n<p>Dank ihres nat\u00fcrlichen Schutzes haben Mandeln mit Schale eine l\u00e4ngere Haltbarkeit als gesch\u00e4lte Mandeln, wobei ihr Aroma und ihre N\u00e4hrstoffe erhalten bleiben. Sie sind reich an gesunden Fetten, Proteinen, Ballaststoffen und insbesondere Vitamin E, das f\u00fcr seine antioxidativen Eigenschaften bekannt ist. Zudem enthalten sie wichtige Mineralstoffe wie Kalzium, Magnesium und Phosphor.<\/p>\n<p>Sie eignen sich ideal als nat\u00fcrlicher Snack, k\u00f6nnen ger\u00f6stet werden, um ihr Aroma zu intensivieren, oder in verschiedenen s\u00fc\u00dfen und herzhaften Rezepten verwendet werden. Aufgrund ihres hohen N\u00e4hrstoffgehalts sind sie eine hervorragende Energiequelle f\u00fcr eine ausgewogene Ern\u00e4hrung.<\/p>\n","protected":false},"excerpt":{"rendered":"<p>Mandeln mit Schale sind die Samen des Mandelbaums, gesch\u00fctzt durch eine harte, holzige Schale, die ihre Frische und N\u00e4hrstoffe bewahrt. Sie sind lange haltbar und reich an gesunden Fetten, Proteinen, Ballaststoffen, Vitamin E und essenziellen Mineralstoffen. Sie k\u00f6nnen naturbelassen, ger\u00f6stet oder in s\u00fc\u00dfen und herzhaften Rezepten verwendet werden und bieten eine ausgezeichnete Energiequelle.<\/p>\n","protected":false},"featured_media":3303,"comment_status":"open","ping_status":"closed","template":"","meta":[],"product_cat":[135],"product_tag":[],"acf":[],"_links":{"self":[{"href":"https:\/\/www.fratellitorneo.it\/de\/wp-json\/wp\/v2\/product\/3358"}],"collection":[{"href":"https:\/\/www.fratellitorneo.it\/de\/wp-json\/wp\/v2\/product"}],"about":[{"href":"https:\/\/www.fratellitorneo.it\/de\/wp-json\/wp\/v2\/types\/product"}],"replies":[{"embeddable":true,"href":"https:\/\/www.fratellitorneo.it\/de\/wp-json\/wp\/v2\/comments?post=3358"}],"wp:featuredmedia":[{"embeddable":true,"href":"https:\/\/www.fratellitorneo.it\/de\/wp-json\/wp\/v2\/media\/3303"}],"wp:attachment":[{"href":"https:\/\/www.fratellitorneo.it\/de\/wp-json\/wp\/v2\/media?parent=3358"}],"wp:term":[{"taxonomy":"product_cat","embeddable":true,"href":"https:\/\/www.fratellitorneo.it\/de\/wp-json\/wp\/v2\/product_cat?post=3358"},{"taxonomy":"product_tag","embeddable":true,"href":"https:\/\/www.fratellitorneo.it\/de\/wp-json\/wp\/v2\/product_tag?post=3358"}],"curies":[{"name":"wp","href":"https:\/\/api.w.org\/{rel}","templated":true}]}}