{"id":5844,"date":"2026-02-19T17:28:11","date_gmt":"2026-02-19T16:28:11","guid":{"rendered":"https:\/\/www.fratellitorneo.it\/?post_type=product&#038;p=5844"},"modified":"2026-02-19T17:28:11","modified_gmt":"2026-02-19T16:28:11","slug":"sultaninen","status":"publish","type":"product","link":"https:\/\/www.fratellitorneo.it\/de\/shop-online\/nusse\/sultaninen\/","title":{"rendered":"Sultaninen"},"content":{"rendered":"<p data-path-to-node=\"19\">Unsere sultaninen werden aus ausgew\u00e4hlten trauben gewonnen, die nat\u00fcrlich an der sonne getrocknet werden, bis sie eine weiche konsistenz und eine goldgelbe farbe erreichen. kernlos und durch eine intensive, honigartige s\u00fc\u00dfe gekennzeichnet, sind sie eine klassische zutat der traditionellen und modernen konditorei. sie eignen sich perfekt zum verfeinern von hefeteigen wie panettone und strudel, passen aber auch hervorragend zu herzhaften zubereitungen wie fleischf\u00fcllungen, gourmet-salaten oder orientalisch inspirierten gerichten.<\/p>\n","protected":false},"excerpt":{"rendered":"<p data-path-to-node=\"21\">Hochwertige sultaninen, nat\u00fcrlich s\u00fc\u00df und kernlos. eine vielseitige und energiereiche zutat, unverzichtbar f\u00fcr backwaren, ein kraftvolles fr\u00fchst\u00fcck und um kreativen gerichten eine s\u00fc\u00df-saure note zu verleihen.<\/p>\n","protected":false},"featured_media":5841,"comment_status":"open","ping_status":"closed","template":"","meta":[],"product_cat":[141,135],"product_tag":[],"acf":[],"_links":{"self":[{"href":"https:\/\/www.fratellitorneo.it\/de\/wp-json\/wp\/v2\/product\/5844"}],"collection":[{"href":"https:\/\/www.fratellitorneo.it\/de\/wp-json\/wp\/v2\/product"}],"about":[{"href":"https:\/\/www.fratellitorneo.it\/de\/wp-json\/wp\/v2\/types\/product"}],"replies":[{"embeddable":true,"href":"https:\/\/www.fratellitorneo.it\/de\/wp-json\/wp\/v2\/comments?post=5844"}],"wp:featuredmedia":[{"embeddable":true,"href":"https:\/\/www.fratellitorneo.it\/de\/wp-json\/wp\/v2\/media\/5841"}],"wp:attachment":[{"href":"https:\/\/www.fratellitorneo.it\/de\/wp-json\/wp\/v2\/media?parent=5844"}],"wp:term":[{"taxonomy":"product_cat","embeddable":true,"href":"https:\/\/www.fratellitorneo.it\/de\/wp-json\/wp\/v2\/product_cat?post=5844"},{"taxonomy":"product_tag","embeddable":true,"href":"https:\/\/www.fratellitorneo.it\/de\/wp-json\/wp\/v2\/product_tag?post=5844"}],"curies":[{"name":"wp","href":"https:\/\/api.w.org\/{rel}","templated":true}]}}