{"id":2543,"date":"2024-04-15T16:38:11","date_gmt":"2024-04-15T15:38:11","guid":{"rendered":"https:\/\/www.fratellitorneo.it\/prodotto\/morcovi-s-rocco\/"},"modified":"2025-09-18T14:53:06","modified_gmt":"2025-09-18T13:53:06","slug":"morcovi-s-rocco","status":"publish","type":"product","link":"https:\/\/www.fratellitorneo.it\/ro\/shop-online\/verdura-ro\/morcovi-s-rocco\/","title":{"rendered":"Morcovi S.Rocco"},"content":{"rendered":"<p>Morcovul San Rocco este o varietate special\u0103 cultivat\u0103 \u00een zona de lunc\u0103 sudic\u0103 a ora\u0219ului Cuneo, \u00een Italia. Aceast\u0103 varietate este cunoscut\u0103 pentru caracteristicile sale unice at\u00e2t \u00een gust, c\u00e2t \u0219i \u00een metoda de cultivare.<\/p>\n<p>Morcovii de San Rocco sunt caracteriza\u021bi printr-un fittone liniar, aproape cilindric, cu o colec\u021bie scurt\u0103 de culoare verde-violacee. Pulpa este fraged\u0103 \u0219i crocant\u0103, iar gustul este dulce, conferindu-le un profil gustativ distinctiv.<\/p>\n","protected":false},"excerpt":{"rendered":"<p>Morcovul San Rocco este o varietate special\u0103 cultivat\u0103 \u00een zona de lunc\u0103 sudic\u0103 a ora\u0219ului Cuneo, \u00een Italia. Aceast\u0103 varietate este cunoscut\u0103 pentru caracteristicile sale unice at\u00e2t \u00een gust, c\u00e2t \u0219i \u00een metoda de cultivare.<\/p>\n<p>Morcovii de San Rocco sunt caracteriza\u021bi printr-un fittone liniar, aproape cilindric, cu o colec\u021bie scurt\u0103 de culoare verde-violacee. Pulpa este fraged\u0103 \u0219i crocant\u0103, iar gustul este dulce, conferindu-le un profil gustativ distinctiv.<\/p>\n","protected":false},"featured_media":1908,"comment_status":"open","ping_status":"closed","template":"","meta":[],"product_cat":[132],"product_tag":[],"acf":[],"_links":{"self":[{"href":"https:\/\/www.fratellitorneo.it\/ro\/wp-json\/wp\/v2\/product\/2543"}],"collection":[{"href":"https:\/\/www.fratellitorneo.it\/ro\/wp-json\/wp\/v2\/product"}],"about":[{"href":"https:\/\/www.fratellitorneo.it\/ro\/wp-json\/wp\/v2\/types\/product"}],"replies":[{"embeddable":true,"href":"https:\/\/www.fratellitorneo.it\/ro\/wp-json\/wp\/v2\/comments?post=2543"}],"wp:featuredmedia":[{"embeddable":true,"href":"https:\/\/www.fratellitorneo.it\/ro\/wp-json\/wp\/v2\/media\/1908"}],"wp:attachment":[{"href":"https:\/\/www.fratellitorneo.it\/ro\/wp-json\/wp\/v2\/media?parent=2543"}],"wp:term":[{"taxonomy":"product_cat","embeddable":true,"href":"https:\/\/www.fratellitorneo.it\/ro\/wp-json\/wp\/v2\/product_cat?post=2543"},{"taxonomy":"product_tag","embeddable":true,"href":"https:\/\/www.fratellitorneo.it\/ro\/wp-json\/wp\/v2\/product_tag?post=2543"}],"curies":[{"name":"wp","href":"https:\/\/api.w.org\/{rel}","templated":true}]}}