{"id":2579,"date":"2024-04-22T08:53:15","date_gmt":"2024-04-22T07:53:15","guid":{"rendered":"https:\/\/www.fratellitorneo.it\/prodotto\/pomodoro-ciliegino\/"},"modified":"2024-04-22T08:53:15","modified_gmt":"2024-04-22T07:53:15","slug":"pomodoro-ciliegino","status":"publish","type":"product","link":"https:\/\/www.fratellitorneo.it\/ro\/shop-online\/verdura-ro\/pomodoro-ciliegino\/","title":{"rendered":"Pomodoro Ciliegino"},"content":{"rendered":"<p>Ro\u0219iile cherry tind s\u0103 fie dulci \u0219i u\u0219or mai aromate dec\u00e2t ro\u0219iile de dimensiuni mai mari. Au o textur\u0103 fraged\u0103 \u0219i o pulp\u0103 suculent\u0103, ceea ce le face excelente pentru a fi consumate crude \u00een salate sau ca o gustare proasp\u0103t\u0103. Pot fi folosite, de asemenea, \u00een sosuri, dressinguri, preparate pe baz\u0103 de paste \u0219i pizza pentru a ad\u0103uga dulcea\u021b\u0103 \u0219i prospe\u021bime.<\/p>\n","protected":false},"excerpt":{"rendered":"<p>Ro\u0219iile cherry tind s\u0103 fie dulci \u0219i u\u0219or mai aromate dec\u00e2t ro\u0219iile de dimensiuni mai mari. Au o textur\u0103 fraged\u0103 \u0219i o pulp\u0103 suculent\u0103, ceea ce le face excelente pentru a fi consumate crude \u00een salate sau ca o gustare proasp\u0103t\u0103. Pot fi folosite, de asemenea, \u00een sosuri, dressinguri, preparate pe baz\u0103 de paste \u0219i pizza pentru a ad\u0103uga dulcea\u021b\u0103 \u0219i prospe\u021bime.<\/p>\n","protected":false},"featured_media":2073,"comment_status":"open","ping_status":"closed","template":"","meta":[],"product_cat":[132],"product_tag":[],"acf":[],"_links":{"self":[{"href":"https:\/\/www.fratellitorneo.it\/ro\/wp-json\/wp\/v2\/product\/2579"}],"collection":[{"href":"https:\/\/www.fratellitorneo.it\/ro\/wp-json\/wp\/v2\/product"}],"about":[{"href":"https:\/\/www.fratellitorneo.it\/ro\/wp-json\/wp\/v2\/types\/product"}],"replies":[{"embeddable":true,"href":"https:\/\/www.fratellitorneo.it\/ro\/wp-json\/wp\/v2\/comments?post=2579"}],"wp:featuredmedia":[{"embeddable":true,"href":"https:\/\/www.fratellitorneo.it\/ro\/wp-json\/wp\/v2\/media\/2073"}],"wp:attachment":[{"href":"https:\/\/www.fratellitorneo.it\/ro\/wp-json\/wp\/v2\/media?parent=2579"}],"wp:term":[{"taxonomy":"product_cat","embeddable":true,"href":"https:\/\/www.fratellitorneo.it\/ro\/wp-json\/wp\/v2\/product_cat?post=2579"},{"taxonomy":"product_tag","embeddable":true,"href":"https:\/\/www.fratellitorneo.it\/ro\/wp-json\/wp\/v2\/product_tag?post=2579"}],"curies":[{"name":"wp","href":"https:\/\/api.w.org\/{rel}","templated":true}]}}