{"id":2583,"date":"2024-04-29T11:54:44","date_gmt":"2024-04-29T10:54:44","guid":{"rendered":"https:\/\/www.fratellitorneo.it\/prodotto\/ardei-cornetto\/"},"modified":"2024-11-18T09:54:10","modified_gmt":"2024-11-18T08:54:10","slug":"ardei-cornetto","status":"publish","type":"product","link":"https:\/\/www.fratellitorneo.it\/ro\/shop-online\/verdura-ro\/ardei-cornetto\/","title":{"rendered":"Ardei Cornetto"},"content":{"rendered":"<p>Ardeiul Cornetto are o form\u0103 lung\u0103 \u0219i sub\u021bire, cu un v\u00e2rf ascu\u021bit \u0219i o baz\u0103 mai larg\u0103. Coaja sa este neted\u0103 \u0219i lucioas\u0103. C\u00e2nd este copt, ardeiul Cornetto are un gust dulce \u0219i suculent, cu o textur\u0103 crocant\u0103 \u0219i proasp\u0103t\u0103.<\/p>\n<p>Poate fi t\u0103iat felii \u0219i consumat crud \u00een salate sau ca gustare, sau poate fi g\u0103tit sau la gr\u0103tar pentru a ad\u0103uga savoare \u0219i culoare unei variet\u0103\u021bi de preparate, cum ar fi sosuri, tocane, umpluturi, aperitive \u0219i feluri principale.<\/p>\n","protected":false},"excerpt":{"rendered":"<p>Ardeiul Cornetto are o form\u0103 lung\u0103 \u0219i sub\u021bire, cu un v\u00e2rf ascu\u021bit \u0219i o baz\u0103 mai larg\u0103. Coaja sa este neted\u0103 \u0219i lucioas\u0103. C\u00e2nd este copt, ardeiul Cornetto are un gust dulce \u0219i suculent, cu o textur\u0103 crocant\u0103 \u0219i proasp\u0103t\u0103.<\/p>\n<p>Poate fi t\u0103iat felii \u0219i consumat crud \u00een salate sau ca gustare, sau poate fi g\u0103tit sau la gr\u0103tar pentru a ad\u0103uga savoare \u0219i culoare unei variet\u0103\u021bi de preparate, cum ar fi sosuri, tocane, umpluturi, aperitive \u0219i feluri principale.<\/p>\n","protected":false},"featured_media":2170,"comment_status":"open","ping_status":"closed","template":"","meta":[],"product_cat":[132],"product_tag":[],"acf":[],"_links":{"self":[{"href":"https:\/\/www.fratellitorneo.it\/ro\/wp-json\/wp\/v2\/product\/2583"}],"collection":[{"href":"https:\/\/www.fratellitorneo.it\/ro\/wp-json\/wp\/v2\/product"}],"about":[{"href":"https:\/\/www.fratellitorneo.it\/ro\/wp-json\/wp\/v2\/types\/product"}],"replies":[{"embeddable":true,"href":"https:\/\/www.fratellitorneo.it\/ro\/wp-json\/wp\/v2\/comments?post=2583"}],"wp:featuredmedia":[{"embeddable":true,"href":"https:\/\/www.fratellitorneo.it\/ro\/wp-json\/wp\/v2\/media\/2170"}],"wp:attachment":[{"href":"https:\/\/www.fratellitorneo.it\/ro\/wp-json\/wp\/v2\/media?parent=2583"}],"wp:term":[{"taxonomy":"product_cat","embeddable":true,"href":"https:\/\/www.fratellitorneo.it\/ro\/wp-json\/wp\/v2\/product_cat?post=2583"},{"taxonomy":"product_tag","embeddable":true,"href":"https:\/\/www.fratellitorneo.it\/ro\/wp-json\/wp\/v2\/product_tag?post=2583"}],"curies":[{"name":"wp","href":"https:\/\/api.w.org\/{rel}","templated":true}]}}