{"id":2599,"date":"2024-04-16T14:35:40","date_gmt":"2024-04-16T13:35:40","guid":{"rendered":"https:\/\/www.fratellitorneo.it\/prodotto\/avocado\/"},"modified":"2024-11-18T10:08:26","modified_gmt":"2024-11-18T09:08:26","slug":"avocado","status":"publish","type":"product","link":"https:\/\/www.fratellitorneo.it\/ro\/shop-online\/fructe\/avocado\/","title":{"rendered":"Avocado"},"content":{"rendered":"<p>Avocado poate fi consumat \u00een multe moduri diferite. Poate fi pur \u0219i simplu decojit \u0219i t\u0103iat felii pentru a fi ad\u0103ugat \u00een salate, sandvi\u0219uri, tacos sau pe toast. Pulpa sa cremoas\u0103 poate fi pasat\u0103 pentru a prepara guacamole, un sos tradi\u021bional mexican foarte apreciat. Avocado poate fi, de asemenea, folosit pentru a preg\u0103ti supe, sosuri, preparate pe baz\u0103 de paste, deserturi \u0219i chiar smoothie-uri.<\/p>\n","protected":false},"excerpt":{"rendered":"<p>Avocado poate fi consumat \u00een multe moduri diferite. Poate fi pur \u0219i simplu decojit \u0219i t\u0103iat felii pentru a fi ad\u0103ugat \u00een salate, sandvi\u0219uri, tacos sau pe toast. Pulpa sa cremoas\u0103 poate fi pasat\u0103 pentru a prepara guacamole, un sos tradi\u021bional mexican foarte apreciat. Avocado poate fi, de asemenea, folosit pentru a preg\u0103ti supe, sosuri, preparate pe baz\u0103 de paste, deserturi \u0219i chiar smoothie-uri.<\/p>\n","protected":false},"featured_media":2014,"comment_status":"open","ping_status":"closed","template":"","meta":[],"product_cat":[140],"product_tag":[],"acf":[],"_links":{"self":[{"href":"https:\/\/www.fratellitorneo.it\/ro\/wp-json\/wp\/v2\/product\/2599"}],"collection":[{"href":"https:\/\/www.fratellitorneo.it\/ro\/wp-json\/wp\/v2\/product"}],"about":[{"href":"https:\/\/www.fratellitorneo.it\/ro\/wp-json\/wp\/v2\/types\/product"}],"replies":[{"embeddable":true,"href":"https:\/\/www.fratellitorneo.it\/ro\/wp-json\/wp\/v2\/comments?post=2599"}],"wp:featuredmedia":[{"embeddable":true,"href":"https:\/\/www.fratellitorneo.it\/ro\/wp-json\/wp\/v2\/media\/2014"}],"wp:attachment":[{"href":"https:\/\/www.fratellitorneo.it\/ro\/wp-json\/wp\/v2\/media?parent=2599"}],"wp:term":[{"taxonomy":"product_cat","embeddable":true,"href":"https:\/\/www.fratellitorneo.it\/ro\/wp-json\/wp\/v2\/product_cat?post=2599"},{"taxonomy":"product_tag","embeddable":true,"href":"https:\/\/www.fratellitorneo.it\/ro\/wp-json\/wp\/v2\/product_tag?post=2599"}],"curies":[{"name":"wp","href":"https:\/\/api.w.org\/{rel}","templated":true}]}}