{"id":2839,"date":"2024-11-19T15:27:26","date_gmt":"2024-11-19T14:27:26","guid":{"rendered":"https:\/\/www.fratellitorneo.it\/prodotto\/smochine-negre\/"},"modified":"2024-12-27T12:32:41","modified_gmt":"2024-12-27T11:32:41","slug":"smochine-negre","status":"publish","type":"product","link":"https:\/\/www.fratellitorneo.it\/ro\/shop-online\/fructe\/smochine-negre\/","title":{"rendered":"Smochine negre"},"content":{"rendered":"<p>Perioada de recoltare a smochinelor negre are loc de obicei \u00eentre sf\u00e2r\u0219itul verii \u0219i \u00eenceputul toamnei. Acestea pot fi consumate proaspete sau uscate, devenind un ingredient popular \u00een multe re\u021bete mediteraneene. Smochina neagr\u0103 este bogat\u0103 \u00een fibre, zaharuri naturale, vitamine (cum ar fi vitamina A \u0219i vitamina K) \u0219i minerale precum potasiu, fier \u0219i calciu.<\/p>\n<p>\u00cen buc\u0103t\u0103rie, smochinele negre sunt extrem de versatil. Pot fi savurate proaspete, ca desert natural, sau utilizate \u00een preparate dulci precum pr\u0103jituri, tarte \u0219i gemuri. Sunt adesea asociate cu br\u00e2nzeturi maturate, cum ar fi pecorino sau gorgonzola, unde dulcea\u021ba fructului contrasteaz\u0103 pl\u0103cut cu gustul s\u0103rat \u0219i intens al br\u00e2nzei. Smochinele negre uscate sunt folosite pe scar\u0103 larg\u0103 \u0219i \u00een preparate tradi\u021bionale, gust\u0103ri sau preparate festive, cum ar fi smochinele umplute cu migdale \u0219i nuci.<\/p>\n","protected":false},"excerpt":{"rendered":"<p>Smochinele negre sunt o varietate de smochine caracterizat\u0103 printr-o coaj\u0103 \u00eenchis\u0103 la culoare, care variaz\u0103 de la violet intens la negru, \u0219i o pulp\u0103 bogat\u0103 \u0219i dulce de culoare ro\u0219ie sau purpurie. Sunt apreciate pentru gustul lor intens \u0219i pentru con\u021binutul lor ridicat de zaharuri. Acestea sunt consumate proaspete, uscate sau utilizate \u00eentr-o gam\u0103 larg\u0103 de preparate culinare, de la dulciuri la gemuri.<\/p>\n","protected":false},"featured_media":2611,"comment_status":"open","ping_status":"closed","template":"","meta":[],"product_cat":[140],"product_tag":[],"acf":[],"_links":{"self":[{"href":"https:\/\/www.fratellitorneo.it\/ro\/wp-json\/wp\/v2\/product\/2839"}],"collection":[{"href":"https:\/\/www.fratellitorneo.it\/ro\/wp-json\/wp\/v2\/product"}],"about":[{"href":"https:\/\/www.fratellitorneo.it\/ro\/wp-json\/wp\/v2\/types\/product"}],"replies":[{"embeddable":true,"href":"https:\/\/www.fratellitorneo.it\/ro\/wp-json\/wp\/v2\/comments?post=2839"}],"wp:featuredmedia":[{"embeddable":true,"href":"https:\/\/www.fratellitorneo.it\/ro\/wp-json\/wp\/v2\/media\/2611"}],"wp:attachment":[{"href":"https:\/\/www.fratellitorneo.it\/ro\/wp-json\/wp\/v2\/media?parent=2839"}],"wp:term":[{"taxonomy":"product_cat","embeddable":true,"href":"https:\/\/www.fratellitorneo.it\/ro\/wp-json\/wp\/v2\/product_cat?post=2839"},{"taxonomy":"product_tag","embeddable":true,"href":"https:\/\/www.fratellitorneo.it\/ro\/wp-json\/wp\/v2\/product_tag?post=2839"}],"curies":[{"name":"wp","href":"https:\/\/api.w.org\/{rel}","templated":true}]}}