{"id":3390,"date":"2025-03-07T15:16:59","date_gmt":"2025-03-10T08:43:15","guid":{"rendered":"https:\/\/www.fratellitorneo.it\/?post_type=product&#038;p=3390"},"modified":"2025-03-10T09:43:15","modified_gmt":"2025-03-10T08:43:15","slug":"piersica-galbena","status":"publish","type":"product","link":"https:\/\/www.fratellitorneo.it\/ro\/shop-online\/fructe\/piersica-galbena\/","title":{"rendered":"Piersic\u0103 galben\u0103"},"content":{"rendered":"<p>Piersica galben\u0103 este un fruct de var\u0103 cu un gust dulce \u0219i u\u0219or acri\u0219or, caracterizat printr-o pulp\u0103 suculent\u0103 de culoare galben intens \u0219i o coaj\u0103 catifelat\u0103 care poate varia \u00eentre galben \u0219i ro\u0219u, \u00een func\u021bie de varietate \u0219i de gradul de coacere.<\/p>\n<p>Bogat\u0103 \u00een vitaminele A \u0219i C, antioxidan\u021bi \u0219i fibre, este un aliat valoros pentru hidratare \u0219i pentru s\u0103n\u0103tatea organismului. Versatil\u0103 \u00een buc\u0103t\u0103rie, poate fi consumat\u0103 proasp\u0103t\u0103, utilizat\u0103 pentru a prepara sucuri, smoothie-uri, salate de fructe, gemuri sau ca ingredient pentru pr\u0103jituri \u0219i deserturi. Datorit\u0103 consisten\u021bei sale ferme, este ideal\u0103 \u0219i pentru g\u0103tit, cum ar fi \u00een confiture sau \u00een piersici \u00een sirop.<\/p>\n","protected":false},"excerpt":{"rendered":"<p>Piersica galben\u0103 este un fruct de var\u0103 dulce \u0219i u\u0219or acri\u0219or, cu pulp\u0103 suculent\u0103 \u0219i coaj\u0103 catifelat\u0103. Bogat\u0103 \u00een vitaminele A \u0219i C, antioxidan\u021bi \u0219i fibre, favorizeaz\u0103 hidratarea \u0219i bun\u0103starea. Versatil\u0103 \u00een buc\u0103t\u0103rie, se consum\u0103 proasp\u0103t\u0103, \u00een sucuri, salate de fructe, pr\u0103jituri \u0219i gemuri, \u0219i este ideal\u0103 \u0219i pentru g\u0103tit \u0219i pentru piersici \u00een sirop.<\/p>\n","protected":false},"featured_media":3332,"comment_status":"open","ping_status":"closed","template":"","meta":[],"product_cat":[140],"product_tag":[],"acf":[],"_links":{"self":[{"href":"https:\/\/www.fratellitorneo.it\/ro\/wp-json\/wp\/v2\/product\/3390"}],"collection":[{"href":"https:\/\/www.fratellitorneo.it\/ro\/wp-json\/wp\/v2\/product"}],"about":[{"href":"https:\/\/www.fratellitorneo.it\/ro\/wp-json\/wp\/v2\/types\/product"}],"replies":[{"embeddable":true,"href":"https:\/\/www.fratellitorneo.it\/ro\/wp-json\/wp\/v2\/comments?post=3390"}],"wp:featuredmedia":[{"embeddable":true,"href":"https:\/\/www.fratellitorneo.it\/ro\/wp-json\/wp\/v2\/media\/3332"}],"wp:attachment":[{"href":"https:\/\/www.fratellitorneo.it\/ro\/wp-json\/wp\/v2\/media?parent=3390"}],"wp:term":[{"taxonomy":"product_cat","embeddable":true,"href":"https:\/\/www.fratellitorneo.it\/ro\/wp-json\/wp\/v2\/product_cat?post=3390"},{"taxonomy":"product_tag","embeddable":true,"href":"https:\/\/www.fratellitorneo.it\/ro\/wp-json\/wp\/v2\/product_tag?post=3390"}],"curies":[{"name":"wp","href":"https:\/\/api.w.org\/{rel}","templated":true}]}}