{"id":4556,"date":"2025-07-07T13:24:18","date_gmt":"2025-07-16T08:50:18","guid":{"rendered":"https:\/\/www.fratellitorneo.it\/?post_type=product&#038;p=4556"},"modified":"2025-07-16T09:50:18","modified_gmt":"2025-07-16T08:50:18","slug":"faina-de-castane","status":"publish","type":"product","link":"https:\/\/www.fratellitorneo.it\/ro\/shop-online\/fainuri\/faina-de-castane\/","title":{"rendered":"F\u0103in\u0103 de castane"},"content":{"rendered":"<p>F\u0103ina de castane este un produs natural ob\u021binut prin m\u0103cinarea castanelor uscate, atent selec\u021bionate \u0219i prelucrate dup\u0103 vechi tradi\u021bii artizanale. Cu o arom\u0103 dulce \u0219i o culoare \u00eentre filde\u0219 \u0219i bej, aceast\u0103 f\u0103in\u0103 nu con\u021bine gluten \u0219i este deosebit de potrivit\u0103 pentru preparate dulci \u0219i s\u0103rate specifice zonelor montane.<\/p>\n<p>Perfect\u0103 pentru a preg\u0103ti castagnaccio, gogo\u0219i, cl\u0103tite, gnocchi, p\u00e2ine \u0219i paste proaspete, ofer\u0103 re\u021betelor un gust rustic \u0219i intens. Bogat\u0103 \u00een fibre, minerale \u0219i carbohidra\u021bi complec\u0219i, f\u0103ina de castane este o alternativ\u0103 excelent\u0103 la f\u0103inurile din cereale, ideal\u0103 at\u00e2t pentru dietele f\u0103r\u0103 gluten, c\u00e2t \u0219i pentru cei care caut\u0103 produse naturale \u0219i nutritive.<\/p>\n","protected":false},"excerpt":{"rendered":"<p>F\u0103in\u0103 de castane, f\u0103r\u0103 gluten, ob\u021binut\u0103 din castane uscate \u0219i m\u0103cinate. Ideal\u0103 pentru deserturi \u0219i preparate tradi\u021bionale, cu un gust dulce \u0219i rustic.<\/p>\n","protected":false},"featured_media":4541,"comment_status":"open","ping_status":"closed","template":"","meta":[],"product_cat":[232],"product_tag":[],"acf":[],"_links":{"self":[{"href":"https:\/\/www.fratellitorneo.it\/ro\/wp-json\/wp\/v2\/product\/4556"}],"collection":[{"href":"https:\/\/www.fratellitorneo.it\/ro\/wp-json\/wp\/v2\/product"}],"about":[{"href":"https:\/\/www.fratellitorneo.it\/ro\/wp-json\/wp\/v2\/types\/product"}],"replies":[{"embeddable":true,"href":"https:\/\/www.fratellitorneo.it\/ro\/wp-json\/wp\/v2\/comments?post=4556"}],"wp:featuredmedia":[{"embeddable":true,"href":"https:\/\/www.fratellitorneo.it\/ro\/wp-json\/wp\/v2\/media\/4541"}],"wp:attachment":[{"href":"https:\/\/www.fratellitorneo.it\/ro\/wp-json\/wp\/v2\/media?parent=4556"}],"wp:term":[{"taxonomy":"product_cat","embeddable":true,"href":"https:\/\/www.fratellitorneo.it\/ro\/wp-json\/wp\/v2\/product_cat?post=4556"},{"taxonomy":"product_tag","embeddable":true,"href":"https:\/\/www.fratellitorneo.it\/ro\/wp-json\/wp\/v2\/product_tag?post=4556"}],"curies":[{"name":"wp","href":"https:\/\/api.w.org\/{rel}","templated":true}]}}