{"id":4630,"date":"2025-07-07T10:13:03","date_gmt":"2025-07-16T08:10:02","guid":{"rendered":"https:\/\/www.fratellitorneo.it\/?post_type=product&#038;p=4630"},"modified":"2025-09-15T16:19:44","modified_gmt":"2025-09-15T15:19:44","slug":"faina-de-naut","status":"publish","type":"product","link":"https:\/\/www.fratellitorneo.it\/ro\/shop-online\/fainuri\/faina-de-naut\/","title":{"rendered":"F\u0103in\u0103 de n\u0103ut"},"content":{"rendered":"<p>F\u0103ina de n\u0103ut este o f\u0103in\u0103 ob\u021binut\u0103 prin m\u0103cinarea n\u0103utului uscat, utilizat\u0103 pe scar\u0103 larg\u0103 \u00een buc\u0103t\u0103ria mediteranean\u0103 \u0219i indian\u0103. Este f\u0103r\u0103 gluten, bogat\u0103 \u00een proteine, fibre \u0219i minerale, reprezent\u00e2nd o alternativ\u0103 nutritiv\u0103 la f\u0103inurile tradi\u021bionale. Are o arom\u0103 u\u0219or de nuci \u0219i p\u0103m\u00e2ntoas\u0103 \u0219i este perfect\u0103 pentru prepararea unor m\u00e2nc\u0103ruri precum panelle, farinata, falafel \u0219i produse de panifica\u021bie rustice. \u00cen plus, f\u0103ina de n\u0103ut ofer\u0103 textur\u0103 \u0219i un gust caracteristic re\u021betelor.<\/p>\n","protected":false},"excerpt":{"rendered":"<p>F\u0103ina de n\u0103ut este o f\u0103in\u0103 f\u0103r\u0103 gluten, bogat\u0103 \u00een proteine, cu gust de nuc\u0103, folosit\u0103 pentru preparate tradi\u021bionale precum panelle \u0219i falafel.<\/p>\n","protected":false},"featured_media":4582,"comment_status":"open","ping_status":"closed","template":"","meta":[],"product_cat":[232],"product_tag":[],"acf":[],"_links":{"self":[{"href":"https:\/\/www.fratellitorneo.it\/ro\/wp-json\/wp\/v2\/product\/4630"}],"collection":[{"href":"https:\/\/www.fratellitorneo.it\/ro\/wp-json\/wp\/v2\/product"}],"about":[{"href":"https:\/\/www.fratellitorneo.it\/ro\/wp-json\/wp\/v2\/types\/product"}],"replies":[{"embeddable":true,"href":"https:\/\/www.fratellitorneo.it\/ro\/wp-json\/wp\/v2\/comments?post=4630"}],"wp:featuredmedia":[{"embeddable":true,"href":"https:\/\/www.fratellitorneo.it\/ro\/wp-json\/wp\/v2\/media\/4582"}],"wp:attachment":[{"href":"https:\/\/www.fratellitorneo.it\/ro\/wp-json\/wp\/v2\/media?parent=4630"}],"wp:term":[{"taxonomy":"product_cat","embeddable":true,"href":"https:\/\/www.fratellitorneo.it\/ro\/wp-json\/wp\/v2\/product_cat?post=4630"},{"taxonomy":"product_tag","embeddable":true,"href":"https:\/\/www.fratellitorneo.it\/ro\/wp-json\/wp\/v2\/product_tag?post=4630"}],"curies":[{"name":"wp","href":"https:\/\/api.w.org\/{rel}","templated":true}]}}