{"id":4821,"date":"2025-07-16T10:46:35","date_gmt":"2025-07-16T09:46:35","guid":{"rendered":"https:\/\/www.fratellitorneo.it\/shop-online\/fara-categorie\/faina-de-banane\/"},"modified":"2025-07-24T10:01:08","modified_gmt":"2025-07-24T09:01:08","slug":"faina-de-banane","status":"publish","type":"product","link":"https:\/\/www.fratellitorneo.it\/ro\/shop-online\/fainuri\/faina-de-banane\/","title":{"rendered":"F\u0103in\u0103 de banane"},"content":{"rendered":"<p>F\u0103ina de banane este ob\u021binut\u0103 prin deshidratarea \u0219i m\u0103cinarea bananelor coapte, f\u0103r\u0103 adaos de zaharuri sau conservan\u021bi. Este un produs natural, cu gust dulce \u0219i delicat, bogat \u00een fibre \u0219i cu un parfum fructat caracteristic.<\/p>\n<p>Este ideal\u0103 pentru preparate dulci precum pr\u0103jituri, biscui\u021bi, cl\u0103tite \u0219i batoane, oferind moliciune \u0219i un gust natural. Poate fi folosit\u0103 \u0219i ca \u00eengro\u0219\u0103tor \u00een creme, smoothie-uri sau iaurt, datorit\u0103 texturii sale fine.<\/p>\n","protected":false},"excerpt":{"rendered":"<p>F\u0103in\u0103 natural\u0103 de banane, f\u0103r\u0103 adaos de zaharuri sau conservan\u021bi. Cu gust dulce \u0219i delicat, perfect\u0103 pentru deserturi, batoane \u0219i preparate aromate.<\/p>\n","protected":false},"featured_media":4693,"comment_status":"open","ping_status":"closed","template":"","meta":[],"product_cat":[232],"product_tag":[],"acf":[],"_links":{"self":[{"href":"https:\/\/www.fratellitorneo.it\/ro\/wp-json\/wp\/v2\/product\/4821"}],"collection":[{"href":"https:\/\/www.fratellitorneo.it\/ro\/wp-json\/wp\/v2\/product"}],"about":[{"href":"https:\/\/www.fratellitorneo.it\/ro\/wp-json\/wp\/v2\/types\/product"}],"replies":[{"embeddable":true,"href":"https:\/\/www.fratellitorneo.it\/ro\/wp-json\/wp\/v2\/comments?post=4821"}],"wp:featuredmedia":[{"embeddable":true,"href":"https:\/\/www.fratellitorneo.it\/ro\/wp-json\/wp\/v2\/media\/4693"}],"wp:attachment":[{"href":"https:\/\/www.fratellitorneo.it\/ro\/wp-json\/wp\/v2\/media?parent=4821"}],"wp:term":[{"taxonomy":"product_cat","embeddable":true,"href":"https:\/\/www.fratellitorneo.it\/ro\/wp-json\/wp\/v2\/product_cat?post=4821"},{"taxonomy":"product_tag","embeddable":true,"href":"https:\/\/www.fratellitorneo.it\/ro\/wp-json\/wp\/v2\/product_tag?post=4821"}],"curies":[{"name":"wp","href":"https:\/\/api.w.org\/{rel}","templated":true}]}}