{"id":5144,"date":"2025-09-01T09:49:25","date_gmt":"2025-09-01T08:49:25","guid":{"rendered":"https:\/\/www.fratellitorneo.it\/shop-online\/fara-categorie\/curmale\/"},"modified":"2025-09-15T15:51:05","modified_gmt":"2025-09-15T14:51:05","slug":"curmale","status":"publish","type":"product","link":"https:\/\/www.fratellitorneo.it\/ro\/shop-online\/fructe\/curmale\/","title":{"rendered":"Curmale"},"content":{"rendered":"<p>Curmalele sunt fructe dulci \u0219i fragede, bogate \u00een fibre, vitamine \u0219i minerale valoroase. Cu aroma lor intens\u0103 \u0219i gustul natural zaharat, reprezint\u0103 o surs\u0103 s\u0103n\u0103toas\u0103 \u0219i rapid\u0103 de energie. Excelente de consumat ca gustare natural\u0103, se potrivesc de minune cu br\u00e2nzeturi, nuci \u0219i deserturi \u0219i sunt ingrediente ideale pentru re\u021bete tradi\u021bionale \u0219i orientale.<\/p>\n","protected":false},"excerpt":{"rendered":"<p>Curmale, dulci \u0219i pline de energie \u2014 perfecte ca gustare natural\u0103 sau al\u0103turi de br\u00e2nzeturi \u0219i deserturi.<\/p>\n","protected":false},"featured_media":5005,"comment_status":"open","ping_status":"closed","template":"","meta":[],"product_cat":[140],"product_tag":[],"acf":[],"_links":{"self":[{"href":"https:\/\/www.fratellitorneo.it\/ro\/wp-json\/wp\/v2\/product\/5144"}],"collection":[{"href":"https:\/\/www.fratellitorneo.it\/ro\/wp-json\/wp\/v2\/product"}],"about":[{"href":"https:\/\/www.fratellitorneo.it\/ro\/wp-json\/wp\/v2\/types\/product"}],"replies":[{"embeddable":true,"href":"https:\/\/www.fratellitorneo.it\/ro\/wp-json\/wp\/v2\/comments?post=5144"}],"wp:featuredmedia":[{"embeddable":true,"href":"https:\/\/www.fratellitorneo.it\/ro\/wp-json\/wp\/v2\/media\/5005"}],"wp:attachment":[{"href":"https:\/\/www.fratellitorneo.it\/ro\/wp-json\/wp\/v2\/media?parent=5144"}],"wp:term":[{"taxonomy":"product_cat","embeddable":true,"href":"https:\/\/www.fratellitorneo.it\/ro\/wp-json\/wp\/v2\/product_cat?post=5144"},{"taxonomy":"product_tag","embeddable":true,"href":"https:\/\/www.fratellitorneo.it\/ro\/wp-json\/wp\/v2\/product_tag?post=5144"}],"curies":[{"name":"wp","href":"https:\/\/api.w.org\/{rel}","templated":true}]}}